{"id":161,"date":"2022-04-29T11:24:28","date_gmt":"2022-04-29T11:24:28","guid":{"rendered":"https:\/\/douromemories.com\/wp\/?post_type=product&#038;p=161"},"modified":"2022-05-07T19:50:09","modified_gmt":"2022-05-07T19:50:09","slug":"sabonete-aregos-3x105g-creme-corporal-aregos-200ml-douro-memorias-das-caldas-de-aregos","status":"publish","type":"product","link":"https:\/\/douromemories.com\/wp\/produto\/sabonete-aregos-3x105g-creme-corporal-aregos-200ml-douro-memorias-das-caldas-de-aregos\/","title":{"rendered":"Sabonete Aregos 3x105g + Creme Corporal Aregos 200ml + Douro | Mem\u00f3rias das Caldas de Aregos"},"content":{"rendered":"<div class=\"right_column_wrapper\">\n<p>Em 2013, o projeto \u201cDouro Memories\u201d, com men\u00e7\u00e3o honrosa no <strong>Pr\u00e9mio Rural Criativo 2013<\/strong>, recupera a aplica\u00e7\u00e3o das \u00e1guas \u201cmilagrosas\u201d das Caldas de Aregos em sabonete.<\/p>\n<p>O sabonete Aregos, de \u00e1gua termal das Caldas de Aregos (concelho de Resende), remonta a 1917, produzido pela primeira f\u00e1brica nacional de sabonetes e perfumes, Claus &amp; Schweder, mais tarde adquirida pela \u201cAch Brito\u201d.<\/p>\n<p>Na \u00e9poca, Raul de Caldevilla, pioneiro da publicidade moderna em Portugal, atrav\u00e9s do seu Escrit\u00f3rio T\u00e9cnico de Publicidade (ETP), promoveu-o, nacionalmente, com grande sucesso. A publicidade, nos jornais di\u00e1rios da \u00e9poca, real\u00e7avam o seu car\u00e1ter medicinal: \u201c<strong>O SABONETE AREGOS<\/strong> \u00e9 um producto directo das c\u00e9lebres <strong>\u00c1GUAS D\u2019AREGOS<\/strong>, famosas na cura das <strong>DOEN\u00c7AS DA PELE<\/strong> (\u2026). O seu uso deixa a pele macia e aveludada. \u00c9 um producto s\u00e9rio, primorosamente perfumado, sem colorido artificial, que re\u00fane verdadeiras utilidades (\u2026)\u201d.<\/p>\n<p>Em 2013, o projeto \u201cDouro Memories\u201d, com men\u00e7\u00e3o honrosa no <strong>Pr\u00e9mio Rural Criativo 2013<\/strong>, recupera a aplica\u00e7\u00e3o das \u00e1guas \u201cmilagrosas\u201d das Caldas de Aregos em sabonete.<\/p>\n<p><strong>Sabonete termal | SPA Soap | Savon du SPA<\/strong><\/p>\n<p><strong>Ingredients:<\/strong> Sodium Palmate, Sodium Palm Kernelate, Aqua (Water), Sulfur, Palm Acid, Palm Kernel, Acid, Sodium Chloride, Prunus Amygdalus Dulcis (Sweet Almond) Oil, Glycerin, Tetrasodium EDTA. Tetrasodium Etidronate.<\/p>\n<p>O <strong>Sabonete Aregos<\/strong> foi formulado com as famosas \u201cAquas Calidas\u201d das Caldas de Aregos, redutoras da atividade cut\u00e2nea, antioxidantes, antibacterianas\/antif\u00fangicas, estimuladoras do desenvolvimento celular, indicadas para tratamentos de eczemas, psor\u00edases, atopias\/alergias e queratoses, entre outras doen\u00e7as de pele.<\/p>\n<p><strong>Caixa:<\/strong> 1 sabonete<\/p>\n<p><strong>Produ\u00e7\u00e3o:<\/strong> Ach. Brito<br \/>\n<strong>Distribui\u00e7\u00e3o:<\/strong> Douro Memories<br \/>\n<strong>Endere\u00e7o:<\/strong> www.douromemories.com<br \/>\n<strong>GPS:<\/strong> Lat: 41.101208 | Long: -8.011039<\/p>\n<\/div>\n","protected":false},"excerpt":{"rendered":"<p><strong>Ingredients:<\/strong> Sodium Palmate, Sodium Palm Kernelate, Aqua (Water), Sulfur, Palm Acid, Palm Kernel, Acid, Sodium Chloride, Prunus Amygdalus Dulcis (Sweet Almond) Oil, Glycerin, Tetrasodium EDTA. Tetrasodium Etidronate.<\/p>\n","protected":false},"featured_media":522,"comment_status":"open","ping_status":"closed","template":"","meta":{"pagelayer_contact_templates":[],"_pagelayer_content":""},"product_cat":[17],"product_tag":[18],"class_list":{"0":"post-161","1":"product","2":"type-product","3":"status-publish","4":"has-post-thumbnail","6":"product_cat-sabonete","7":"product_tag-creative","8":"product_shipping_class-ctt-nacional","10":"first","11":"instock","12":"shipping-taxable","13":"purchasable","14":"product-type-simple"},"aioseo_notices":[],"_links":{"self":[{"href":"https:\/\/douromemories.com\/wp\/wp-json\/wp\/v2\/product\/161","targetHints":{"allow":["GET"]}}],"collection":[{"href":"https:\/\/douromemories.com\/wp\/wp-json\/wp\/v2\/product"}],"about":[{"href":"https:\/\/douromemories.com\/wp\/wp-json\/wp\/v2\/types\/product"}],"replies":[{"embeddable":true,"href":"https:\/\/douromemories.com\/wp\/wp-json\/wp\/v2\/comments?post=161"}],"wp:featuredmedia":[{"embeddable":true,"href":"https:\/\/douromemories.com\/wp\/wp-json\/wp\/v2\/media\/522"}],"wp:attachment":[{"href":"https:\/\/douromemories.com\/wp\/wp-json\/wp\/v2\/media?parent=161"}],"wp:term":[{"taxonomy":"product_cat","embeddable":true,"href":"https:\/\/douromemories.com\/wp\/wp-json\/wp\/v2\/product_cat?post=161"},{"taxonomy":"product_tag","embeddable":true,"href":"https:\/\/douromemories.com\/wp\/wp-json\/wp\/v2\/product_tag?post=161"}],"curies":[{"name":"wp","href":"https:\/\/api.w.org\/{rel}","templated":true}]}}